{"id":10980,"date":"2024-09-16T09:11:28","date_gmt":"2024-09-16T07:11:28","guid":{"rendered":"https:\/\/fundacionrodriguezacostanew.desarrollotrevenque.com\/transparency-portal\/"},"modified":"2025-02-27T12:24:28","modified_gmt":"2025-02-27T11:24:28","slug":"transparency-portal","status":"publish","type":"page","link":"https:\/\/www.fundacionrodriguezacosta.com\/en\/transparency-portal\/","title":{"rendered":"Transparency Portal"},"content":{"rendered":"<div class=\"gb-container gb-container-d2bf6227 alignfull gbp-section\">\n<div class=\"gb-container gb-container-c433389f gbp-section__inner\">\n\n<p><a href=\"https:\/\/www.boe.es\/diario_boe\/txt.php?id=BOE-A-2013-12887\" target=\"_blank\" rel=\"noreferrer noopener\">Law 19\/2013 of December 9, on transparency, access to public information and good governance<\/a>, and <a href=\"https:\/\/www.juntadeandalucia.es\/boja\/2014\/124\/1\" target=\"_blank\" rel=\"noreferrer noopener\">Law 1\/2014 of June 24, on Public Transparency of Andalusia<\/a> regulate transparency, in its double aspect of active publicity and right of access to public information, as an instrument to facilitate the knowledge by the citizenship of the activity of the entities with public funding, promoting the responsible exercise of such activity and the development of a full citizen and democratic conscience. Within the framework of this legislation, the Fundaci\u00f3n P\u00fablica Andaluza Rodr\u00edguez-Acosta will make available to the public the Transparency Portal, in which detailed information on the following areas will be provided: <\/p>\n\n\n\n<div style=\"height:25px\" aria-hidden=\"true\" class=\"wp-block-spacer\"><\/div>\n\n\n\n<ul class=\"wp-block-list\">\n<li>Public Employment.<\/li>\n\n\n\n<li>Planning, evaluation and statistics.<\/li>\n\n\n\n<li>Economic and budgetary information.<\/li>\n\n\n\n<li>Contracts, agreements and grants.<\/li>\n<\/ul>\n\n\n\n<div style=\"height:25px\" aria-hidden=\"true\" class=\"wp-block-spacer\"><\/div>\n\n\n\n<p>The Fundaci\u00f3n P\u00fablica Andaluza Rodr\u00edguez-Acosta, as an organism belonging to the public administration of the Junta de Andaluc\u00eda, shares the information of this space with the Transparency Portal of the Andalusian administration in the following link:<br\/>Active publicity of the Fundaci\u00f3n P\u00fablica Andaluza Rodriguez-Acosta.<\/p>\n\n\n\n<div style=\"height:25px\" aria-hidden=\"true\" class=\"wp-block-spacer\"><\/div>\n\n\n\n<hr class=\"wp-block-separator has-alpha-channel-opacity\"\/>\n\n\n\n<h3 class=\"wp-block-heading\" id=\"title\">Institutional and organizational information<\/h3>\n\n\n\n<h4 class=\"wp-block-heading\">General information, organization charts and functions<\/h4>\n\n\n\n<p><strong>Headquarters<\/strong><\/p>\n\n\n\n<p>Fundaci\u00f3n P\u00fablica Andaluza Rodr\u00edguez-Acosta<br\/>Callej\u00f3n ni\u00f1os del rollo, 8<br\/>18009, GRANADA<br\/>Phone: +34 958 227 497<br\/>General information e-mail: contacto@fundacionrodriguezacosta.com<br\/>Administrative hours:<br\/>Monday to Friday from 10:00 to 15:00 h.<\/p>\n\n\n\n<p><strong>Holder<\/strong><\/p>\n\n\n\n<p><a href=\"https:\/\/www.juntadeandalucia.es\/organismos\/fpara\/estructura\/titular.html\" target=\"_blank\" rel=\"noreferrer noopener\">https:\/\/www.juntadeandalucia.es\/organismos\/fpara\/estructura\/titular.html<\/a><\/p>\n\n\n\n<p><strong>Bylaws<\/strong><\/p>\n\n\n\n<p><a href=\"http:\/\/www.fundacionrodriguezacosta.com\/fileadmin\/user_upload\/portal-transparencia\/informacion-institucional\/modificacion-nuevos-estatutos-30-07-2019.pdf\">Statutes of the Fundaci\u00f3n P\u00fablica Andaluza Rodr\u00edguez-Acosta<\/a> <\/p>\n\n\n\n<p>Last updated on October 1, 2019<\/p>\n\n\n\n<p><strong>Composition of the Board of Trustees<\/strong><\/p>\n\n\n\n<p>Board of Trustees Structure: <a href=\"https:\/\/www.juntadeandalucia.es\/organismos\/fpara\/estructura\/patronato.html\" target=\"_blank\" rel=\"noreferrer noopener\">https:\/\/www.juntadeandalucia.es\/organismos\/fpara\/estructura\/patronato.html<\/a><\/p>\n\n\n\n<p>Executive Committee Structure: <a href=\"https:\/\/www.juntadeandalucia.es\/organismos\/fpara\/estructura\/comision-ejecutiva.html\" target=\"_blank\" rel=\"noreferrer noopener\">https:\/\/www.juntadeandalucia.es\/organismos\/fpara\/estructura\/comision-ejecutiva.html<\/a><\/p>\n\n\n\n<hr class=\"wp-block-separator has-alpha-channel-opacity\"\/>\n\n\n\n<h3 class=\"wp-block-heading\" id=\"title\">Contracts, agreements and grants<\/h3>\n\n\n\n<h4 class=\"wp-block-heading\">Contractor&#8217;s profile<\/h4>\n\n\n\n<p><strong>Contracting Party Profile<\/strong><\/p>\n\n\n\n<p>Fundaci\u00f3n Publica Andaluza Rodr\u00edguez-Acosta (Electronic Headquarters)<\/p>\n\n\n\n<p>The purpose of this page is to disseminate through the Internet the profile of the contracting party of the Fundaci\u00f3n P\u00fablica Andaluza Rodr\u00edguez-Acosta, ensuring transparency and public access to information relating to its contractual activity in accordance with the provisions of the corresponding regulations on public procurement and transparency.<\/p>\n\n\n\n<p>This section includes all procedures that, in accordance with the Contracts Regulations, require advertising or prior information notice.  <\/p>\n\n\n\n<p>In addition to the publication announcement, information on the development of each bidding process is included, as well as the documentation of interest and the final result of the procedure.<\/p>\n\n\n\n<p>For more information about the published processes, you can contact our physical offices at:<\/p>\n\n\n\n<p>Fundaci\u00f3n P\u00fablica Andaluza Rodr\u00edguez-Acosta (Own Personified Means)<\/p>\n\n\n\n<p>Callej\u00f3n Ni\u00f1os del Rollo, n\u00ba 8<\/p>\n\n\n\n<p>18009, GRANADA<\/p>\n\n\n\n<p>Tel.: +34 958 227497<\/p>\n\n\n\n<p>Mail: <a href=\"http:\/\/www.fundacionrodriguezacosta.com\/portal-de-transparencia\/contratos-convenios-y-subvenciones\/perfil-del-contratante\/\">contacto@fundacionrodriguezacosta.com<\/a><\/p>\n\n\n\n<p>Profile of the Contracting Party of the Fundaci\u00f3n P\u00fablica Andaluza Rodr\u00edguez-Acosta in the Junta de Andaluc\u00eda (pending activation)<\/p>\n\n<\/div>\n<\/div>","protected":false},"excerpt":{"rendered":"<p>Law 19\/2013 of December 9, on transparency, access to public information and good governance, and Law 1\/2014 of June 24, on Public Transparency of Andalusia &#8230; <\/p>\n<p class=\"read-more-container\"><a title=\"Transparency Portal\" class=\"read-more button\" href=\"https:\/\/www.fundacionrodriguezacosta.com\/en\/transparency-portal\/#more-10980\" aria-label=\"Read more about Transparency Portal\">READ MORE<\/a><\/p>\n","protected":false},"author":1,"featured_media":0,"parent":0,"menu_order":0,"comment_status":"closed","ping_status":"closed","template":"","meta":{"_acf_changed":false,"footnotes":""},"class_list":["post-10980","page","type-page","status-publish"],"acf":[],"_links":{"self":[{"href":"https:\/\/www.fundacionrodriguezacosta.com\/en\/wp-json\/wp\/v2\/pages\/10980","targetHints":{"allow":["GET"]}}],"collection":[{"href":"https:\/\/www.fundacionrodriguezacosta.com\/en\/wp-json\/wp\/v2\/pages"}],"about":[{"href":"https:\/\/www.fundacionrodriguezacosta.com\/en\/wp-json\/wp\/v2\/types\/page"}],"author":[{"embeddable":true,"href":"https:\/\/www.fundacionrodriguezacosta.com\/en\/wp-json\/wp\/v2\/users\/1"}],"replies":[{"embeddable":true,"href":"https:\/\/www.fundacionrodriguezacosta.com\/en\/wp-json\/wp\/v2\/comments?post=10980"}],"version-history":[{"count":1,"href":"https:\/\/www.fundacionrodriguezacosta.com\/en\/wp-json\/wp\/v2\/pages\/10980\/revisions"}],"predecessor-version":[{"id":10982,"href":"https:\/\/www.fundacionrodriguezacosta.com\/en\/wp-json\/wp\/v2\/pages\/10980\/revisions\/10982"}],"wp:attachment":[{"href":"https:\/\/www.fundacionrodriguezacosta.com\/en\/wp-json\/wp\/v2\/media?parent=10980"}],"curies":[{"name":"wp","href":"https:\/\/api.w.org\/{rel}","templated":true}]}}