{"id":10962,"date":"2024-11-22T13:53:32","date_gmt":"2024-11-22T12:53:32","guid":{"rendered":"https:\/\/fundacionrodriguezacostanew.desarrollotrevenque.com\/the-foundation\/the-founder\/"},"modified":"2025-02-27T12:24:11","modified_gmt":"2025-02-27T11:24:11","slug":"the-founder","status":"publish","type":"page","link":"https:\/\/www.fundacionrodriguezacosta.com\/en\/the-foundation\/the-founder\/","title":{"rendered":"The founder"},"content":{"rendered":"<div class=\"gb-container gb-container-6467a97b alignfull gbp-section\">\n<div class=\"gb-container gb-container-9f52f339 gbp-section__inner\">\n<div class=\"gb-grid-wrapper gb-grid-wrapper-a8ac11ee\">\n<div class=\"gb-grid-column gb-grid-column-163b3f81\"><div class=\"gb-container gb-container-163b3f81\">\n\n<div class=\"gb-headline gb-headline-25327e19 gb-headline-text gbp-section__tagline\">Vision and legacy<\/div>\n\n\n\n<h2 class=\"gb-headline gb-headline-ecbd82a8 gb-headline-text gbp-section__headline\"><div id=\"main\" class=\"container\"><div class=\"row\"><div id=\"column_right\" class=\"col-md-9\"><div class=\"wrap_column_right\"><div id=\"content\" class=\"content\"><div id=\"c47\" class=\"csc-default\"><div class=\"csc-header csc-header-n1\"><h2><\/h2><h2>Jos\u00e9 Mar\u00eda Rodr\u00edguez-Acosta<\/h2><\/div><\/div><\/div><\/div><\/div><\/div><\/div><\/h2>\n\n\n\n<p>Born into a family dedicated to the banking business, the painter Jos\u00e9 Mar\u00eda Rodr\u00edguez-Acosta (Granada, 1878-1941) enjoyed all his life a comfortable economic position, which allowed him to dedicate himself to painting with autonomy, producing in the early years of the twentieth century works that, halfway between modernism and symbolism, won important awards in national and international exhibitions.<\/p>\n\n\n\n<p>Between 1915 and 1930 he practically abandoned his brushes to dedicate himself to the planning, construction and decoration of his carmen in Granada, which he conceived as the embodiment of aesthetic ideals full of modernity. In it he housed his library and various collections of artistic objects. <\/p>\n\n\n\n<p>In the thirties, he slowly returned to painting through genres considered academic, but with a refined symbolism that evolved in recent years against the dark backdrop of the Spanish Civil War.<\/p>\n\n\n\n<p>Since 1941 the carmen has been the headquarters of the Foundation instituted by the artist.<\/p>\n\n<\/div><\/div>\n\n<div class=\"gb-grid-column gb-grid-column-dd0f1d22\"><div class=\"gb-container gb-container-dd0f1d22\"><\/div><\/div>\n<\/div>\n<\/div>\n<\/div>","protected":false},"excerpt":{"rendered":"","protected":false},"author":1,"featured_media":11238,"parent":10667,"menu_order":0,"comment_status":"closed","ping_status":"closed","template":"","meta":{"_acf_changed":false,"footnotes":""},"class_list":["post-10962","page","type-page","status-publish","has-post-thumbnail"],"acf":[],"_links":{"self":[{"href":"https:\/\/www.fundacionrodriguezacosta.com\/en\/wp-json\/wp\/v2\/pages\/10962","targetHints":{"allow":["GET"]}}],"collection":[{"href":"https:\/\/www.fundacionrodriguezacosta.com\/en\/wp-json\/wp\/v2\/pages"}],"about":[{"href":"https:\/\/www.fundacionrodriguezacosta.com\/en\/wp-json\/wp\/v2\/types\/page"}],"author":[{"embeddable":true,"href":"https:\/\/www.fundacionrodriguezacosta.com\/en\/wp-json\/wp\/v2\/users\/1"}],"replies":[{"embeddable":true,"href":"https:\/\/www.fundacionrodriguezacosta.com\/en\/wp-json\/wp\/v2\/comments?post=10962"}],"version-history":[{"count":1,"href":"https:\/\/www.fundacionrodriguezacosta.com\/en\/wp-json\/wp\/v2\/pages\/10962\/revisions"}],"predecessor-version":[{"id":10964,"href":"https:\/\/www.fundacionrodriguezacosta.com\/en\/wp-json\/wp\/v2\/pages\/10962\/revisions\/10964"}],"up":[{"embeddable":true,"href":"https:\/\/www.fundacionrodriguezacosta.com\/en\/wp-json\/wp\/v2\/pages\/10667"}],"wp:featuredmedia":[{"embeddable":true,"href":"https:\/\/www.fundacionrodriguezacosta.com\/en\/wp-json\/wp\/v2\/media\/11238"}],"wp:attachment":[{"href":"https:\/\/www.fundacionrodriguezacosta.com\/en\/wp-json\/wp\/v2\/media?parent=10962"}],"curies":[{"name":"wp","href":"https:\/\/api.w.org\/{rel}","templated":true}]}}