{"id":10543,"date":"2024-11-08T11:15:59","date_gmt":"2024-11-08T10:15:59","guid":{"rendered":"https:\/\/fundacionrodriguezacostanew.desarrollotrevenque.com\/fundacion-rodriguez-acosta\/"},"modified":"2025-03-16T23:51:14","modified_gmt":"2025-03-16T22:51:14","slug":"fundacion-rodriguez-acosta","status":"publish","type":"page","link":"https:\/\/www.fundacionrodriguezacosta.com\/en\/","title":{"rendered":"Rodriguez Acosta Foundation"},"content":{"rendered":"<div class=\"gb-container gb-container-40bc0515 home-hero alignfull\">\n<div class=\"gb-grid-wrapper gb-grid-wrapper-3721eaf1 home-hero\">\n<div class=\"gb-grid-column gb-grid-column-0e68e157\"><div class=\"gb-container gb-container-0e68e157\">\n\n<h2 class=\"gb-headline gb-headline-ce9b2bab gb-headline-text\">The Foundation<\/h2>\n\n\n\n<hr class=\"wp-block-separator has-alpha-channel-opacity home-hero-line\"\/>\n\n\n<div class=\"gb-container gb-container-27201166\">\n\n<div class=\"gb-headline gb-headline-f4095eb9 gb-headline-text\"><a href=\"https:\/\/www.fundacionrodriguezacosta.com\/en\/the-foundation\/the-institution\/\" data-type=\"page\" data-id=\"6114\">The Institution<\/a><\/div>\n\n\n\n<div class=\"gb-headline gb-headline-41c317c7 gb-headline-text\"><a href=\"https:\/\/www.fundacionrodriguezacosta.com\/en\/collections\/museum-collection\/\" data-type=\"post\" data-id=\"518\">Collections<\/a><\/div>\n\n\n\n<div class=\"gb-headline gb-headline-070be58c gb-headline-text\"><a href=\"https:\/\/www.fundacionrodriguezacosta.com\/en\/the-foundation\/el-carmen-de-la-fundacion\/\" data-type=\"page\" data-id=\"6334\">El Carmen<\/a><\/div>\n\n<\/div>\n<\/div><\/div>\n\n<div class=\"gb-grid-column gb-grid-column-2b502921\"><div class=\"gb-container gb-container-2b502921\">\n\n<h2 class=\"gb-headline gb-headline-f12865c9 gb-headline-text\">Visit<\/h2>\n\n\n\n<hr class=\"wp-block-separator has-alpha-channel-opacity home-hero-line\"\/>\n\n\n<div class=\"gb-container gb-container-da4b4782\">\n\n<div class=\"gb-headline gb-headline-ea1c17e5 gb-headline-text\"><a href=\"https:\/\/www.fundacionrodriguezacosta.com\/en\/visits-and-services\/spaces\/\" data-type=\"page\" data-id=\"1739\">Spaces<\/a><\/div>\n\n\n\n<div class=\"gb-headline gb-headline-45b67da2 gb-headline-text\"><a href=\"https:\/\/www.fundacionrodriguezacosta.com\/en\/visit-rules\/\">Visit rules<\/a><\/div>\n\n\n\n<a class=\"gb-button gb-button-afe2e06f btn-shop btn-entradas\" href=\"https:\/\/entradasfra.com\/entradas\/\" target=\"_blank\" rel=\"noopener noreferrer\"><span class=\"gb-icon\"><svg xmlns=\"http:\/\/www.w3.org\/2000\/svg\" fill=\"none\" viewbox=\"0 0 17 17\" height=\"17\" width=\"17\">   <path fill=\"white\" d=\"M5.49999 5.16683V4.50016C5.49999 3.79292 5.78094 3.11464 6.28104 2.61454C6.78113 2.11445 7.45941 1.8335 8.16665 1.8335C8.8739 1.8335 9.55218 2.11445 10.0523 2.61454C10.5524 3.11464 10.8333 3.79292 10.8333 4.50016V5.16683H12.8333C13.2013 5.16683 13.5 5.46616 13.5 5.83816V13.8388C13.5 14.5722 12.9033 15.1668 12.1707 15.1668H4.16265C3.81032 15.1668 3.4724 15.027 3.22314 14.7779C2.97388 14.5289 2.83367 14.1912 2.83332 13.8388V5.83883C2.83332 5.46683 3.12999 5.16683 3.49999 5.16683H5.49999ZM6.29999 5.16683H10.0333V4.50016C10.0333 4.00509 9.83666 3.5303 9.48659 3.18023C9.13652 2.83016 8.66173 2.6335 8.16665 2.6335C7.67158 2.6335 7.19679 2.83016 6.84672 3.18023C6.49665 3.5303 6.29999 4.00509 6.29999 4.50016V5.16683ZM5.49999 5.96683H3.63332V13.8388C3.63332 14.1295 3.87065 14.3668 4.16265 14.3668H12.1707C12.3108 14.3668 12.4452 14.3112 12.5445 14.2123C12.6437 14.1133 12.6996 13.979 12.7 13.8388V5.96683H10.8333V7.8335H10.0333V5.96683H6.29999V7.8335H5.49999V5.96683Z\" clip-rule=\"evenodd\" fill-rule=\"evenodd\"><\/path> <\/svg><\/span><span class=\"gb-button-text\">Tickets<\/span><\/a>\n\n<\/div>\n<\/div><\/div>\n\n<div class=\"gb-grid-column gb-grid-column-5022458e\"><div class=\"gb-container gb-container-5022458e\">\n\n<h2 class=\"gb-headline gb-headline-1753406a gb-headline-text\">News<\/h2>\n\n\n\n<hr class=\"wp-block-separator has-alpha-channel-opacity home-hero-line\"\/>\n\n\n<div class=\"gb-container gb-container-09521ff3\">\n\n<div class=\"gb-headline gb-headline-5cd89aa0 gb-headline-text\"><a href=\"https:\/\/www.fundacionrodriguezacosta.com\/en\/news\/\">News<\/a><\/div>\n\n\n\n<div class=\"gb-headline gb-headline-a64d9478 gb-headline-text\"><a href=\"https:\/\/www.fundacionrodriguezacosta.com\/blog\/category\/eventos-en-la-fundacion\/\">Events<\/a><\/div>\n\n<\/div>\n<\/div><\/div>\n<\/div>\n<\/div><div class=\"gb-container gb-container-6467a97b alignfull\">\n<div class=\"gb-container gb-container-81eb8f7a\">\n<div class=\"gb-grid-wrapper gb-grid-wrapper-a8ac11ee\">\n<div class=\"gb-grid-column gb-grid-column-163b3f81\"><div class=\"gb-container gb-container-163b3f81\">\n\n<div class=\"gb-headline gb-headline-25327e19 gb-headline-text gbp-section__tagline\">&nbsp;promotion and dissemination of culture<\/div>\n\n\n\n<h1 class=\"gb-headline gb-headline-ecbd82a8 gb-headline-text gbp-section__headline\">The Foundation<br>Rodr\u00edguez Acosta<\/h1>\n\n\n\n<p class=\"gb-headline gb-headline-2ea82c44 gb-headline-text gbp-section__text\">The&nbsp;Rodriguez-Acosta Foundation, an organization attached to the Department of Culture and Historical Heritage,&nbsp;was&nbsp;created in 1941&nbsp;by testamentary legacy of the painter Jos\u00e9 Mar\u00eda Rodr\u00edguez-Acosta.<br>&nbsp;<br>Its headquarters&nbsp;&nbsp; is located in the carmen built by the founder between 1916 and 1930, next to Torres Bermejas and near the monumental complex of the Alhambra.&nbsp;In addition to its unique building and gardens, it has a building that houses the G\u00f3mez-Moreno Museum with warehouses, offices and other facilities.<br>&nbsp;<br>The Foundation&#8217;s primary mission is to promote all types of scientific research and to promote and encourage culture.<br>&nbsp;<br>Its activity&nbsp;&nbsp; is developed according to the objective set by the founding statutes, which is to &#8220;keep Granada abreast of all the knowledge of human progress, serving as a stimulus to people of high spirit&#8221;.&nbsp;<br>&nbsp;<br>The&nbsp;primary object&nbsp;is the&nbsp;promotion and diffusion of the Culture&nbsp;in its most diverse branches and aspects, without limits of any kind and&nbsp;according to the criteria&nbsp;that in every moment establishes its governing body&nbsp;. This is made up of a&nbsp;Board of Trustees,&nbsp;in its beginnings integrated by nine members chosen for their outstanding personality in thought and culture, such as Jos\u00e9 Ortega y Gasset, Fernando de los R\u00edos and Manuel de Falla, among others, who were part of the first Board of Trustees. The current Board of Trustees can be consulted here <strong><a href=\"https:\/\/www.fundacionrodriguezacosta.com\/en\/the-foundation\/the-institution\/board-of-trustees\/\" data-type=\"link\" data-id=\"https:\/\/www.fundacionrodriguezacosta.com\/la-fundacion\/la-institucion\/patronato\/\">here<\/a><\/strong>  <br>&nbsp;<br>Among its collections are the Museum, Bibliographic and Documentary collections of Jos\u00e9 Mar\u00eda Rodr\u00edguez-Acosta and Manuel G\u00f3mez-Moreno Mart\u00ednez. In addition to donations such as those of Manuel Maldonado and&nbsp;Mart\u00ednez Rioboo. <br>&nbsp;<br>Among the distinctions received by the Foundation in recognition of its work in favor of culture are the award in 1969 of the&nbsp;Medal of Honor of the Royal Academy of Fine Arts of San Fernando, the&nbsp;Medal of Merit in Fine Arts of the Spanish Ministry of Culture in 1982&nbsp;and the&nbsp;Gold Medal of the City of Granada in 1996.<\/p>\n\n<\/div><\/div>\n\n<div class=\"gb-grid-column gb-grid-column-dd0f1d22\"><div class=\"gb-container gb-container-dd0f1d22\"><\/div><\/div>\n<\/div>\n<\/div>\n<\/div><div class=\"gb-container gb-container-f33cf48f alignfull\">\n<div class=\"gb-container gb-container-68980e45\">\n<div class=\"gb-container gb-container-ad4ccd3a\">\n\n<h3 class=\"gb-headline gb-headline-8377f5c9 gb-headline-text gbp-section__headline\">Guided tours<\/h3>\n\n\n\n<div class=\"gb-headline gb-headline-eaf009f2 gb-headline-text gbp-section__text\">Immerse yourself in personalized tours to get to know every corner of the foundation and its treasures.<\/div>\n\n\n\n<figure class=\"gb-block-image gb-block-image-285cd1e3\"><img decoding=\"async\" width=\"1024\" height=\"683\" class=\"gb-image gb-image-285cd1e3\" src=\"https:\/\/www.fundacionrodriguezacosta.com\/wp-content\/uploads\/2024\/11\/fundacion-rodriguez-acosta007-prueba-1024x683.jpg\" alt=\"\" title=\"fundacion-rodriguez-acosta007-testing\" srcset=\"https:\/\/www.fundacionrodriguezacosta.com\/wp-content\/uploads\/2024\/11\/fundacion-rodriguez-acosta007-prueba-1024x683.jpg 1024w, https:\/\/www.fundacionrodriguezacosta.com\/wp-content\/uploads\/2024\/11\/fundacion-rodriguez-acosta007-prueba-300x200.jpg 300w, https:\/\/www.fundacionrodriguezacosta.com\/wp-content\/uploads\/2024\/11\/fundacion-rodriguez-acosta007-prueba-768x512.jpg 768w, https:\/\/www.fundacionrodriguezacosta.com\/wp-content\/uploads\/2024\/11\/fundacion-rodriguez-acosta007-prueba-1536x1024.jpg 1536w, https:\/\/www.fundacionrodriguezacosta.com\/wp-content\/uploads\/2024\/11\/fundacion-rodriguez-acosta007-prueba.jpg 2048w\" sizes=\"(max-width: 1024px) 100vw, 1024px\"><\/figure>\n\n\n<div class=\"gb-container gb-container-e431a95f\">\n\n<a class=\"gb-button gb-button-6d3dfe6f btn-icon-only\" href=\"https:\/\/www.fundacionrodriguezacosta.com\/en\/visits-and-services\/spaces\/\"><span class=\"gb-icon\"><svg xmlns=\"http:\/\/www.w3.org\/2000\/svg\" fill=\"#\" viewbox=\"0 0 28 16\" height=\"16\" width=\"28\"> <path fill=\"#FFFFFF\" d=\"M19.5 0L18.085 1.415L23.67 7H0.5V9H23.67L18.085 14.585L19.5 16L27.5 8L19.5 0Z\"><\/path> <\/svg><\/span><\/a>\n\n<\/div>\n<\/div>\n\n<div class=\"gb-container gb-container-ff8037ab\">\n<div id=\"metaslider-id-6095\" style=\"width: 100%;\" class=\"ml-slider-3-108-0 metaslider metaslider-flex metaslider-6095 ml-slider has-dots-nav ms-theme-outline\" role=\"region\" aria-label=\"Carrusel Visitas Home\">\n    <div id=\"metaslider_container_6095\">\n        <div id=\"metaslider_6095\">\n            <ul class='slides'>\n                <li style=\"display: block; width: 100%;\" class=\"slide-6096 ms-image \" aria-roledescription=\"slide\" data-date=\"2024-11-21 19:13:13\" data-filename=\"FUNDACION-JARDINES-9270-reducida-1-0x0.jpg\" data-slide-type=\"image\"><img decoding=\"async\" src=\"https:\/\/www.fundacionrodriguezacosta.com\/wp-content\/uploads\/2025\/03\/FUNDACION-JARDINES-9270-reducida-1-0x0.jpg\" alt=\"Patio de Baco del carmen de la Fundaci\u00f3n\" class=\"slider-6095 slide-6096 msDefaultImage\" title=\"FUNDACION JARDINES -9270 reducida\" \/><\/li>\n                <li style=\"display: none; width: 100%;\" class=\"slide-6097 ms-image \" aria-roledescription=\"slide\" data-date=\"2024-11-21 19:13:14\" data-filename=\"FUNDACION-JARDIN-2-0x0.jpg\" data-slide-type=\"image\"><img decoding=\"async\" src=\"https:\/\/www.fundacionrodriguezacosta.com\/wp-content\/uploads\/2025\/03\/FUNDACION-JARDIN-2-0x0.jpg\" alt=\"Patio de Venus del carmen de la Fundaci\u00f3n\" class=\"slider-6095 slide-6097 msDefaultImage\" title=\"FUNDACION JARDIN-2\" \/><\/li>\n                <li style=\"display: none; width: 100%;\" class=\"slide-6098 ms-image \" aria-roledescription=\"slide\" data-date=\"2024-11-21 19:13:14\" data-filename=\"11-0x0.jpg\" data-slide-type=\"image\"><img decoding=\"async\" src=\"https:\/\/www.fundacionrodriguezacosta.com\/wp-content\/uploads\/2025\/03\/11-0x0.jpg\" alt=\"Escalera principal del carmen de la Fundaci\u00f3n\" class=\"slider-6095 slide-6098 msDefaultImage\" title=\"11\" \/><\/li>\n            <\/ul>\n        <\/div>\n        \n    <\/div>\n<\/div>\n\n<\/div>\n<\/div>\n<\/div><div class=\"gb-container gb-container-1ced4bc3 alignfull gbp-section\">\n<div class=\"gb-container gb-container-ce8809b8 gbp-section__inner\">\n<div class=\"gb-container gb-container-04cbb812\">\n\n<div class=\"gb-headline gb-headline-cf553b0f gb-headline-text gbp-section__tagline\">A World of Art and Culture<\/div>\n\n\n\n<h2 class=\"gb-headline gb-headline-9798bfc0 gb-headline-text gbp-section__headline\">A unique space where art, literature and architecture merge.<\/h2>\n\n\n\n<div class=\"gb-headline gb-headline-e96f3e72 gb-headline-text gbp-section__text\">Discover the cultural heritage treasured by the Rodriguez Acosta Foundation. Through our publications, you can access a wealth of information on art, architecture and history. We invite you to explore our legacy and expand your knowledge.  <\/div>\n\n<\/div>\n\n<div class=\"gb-container gb-container-fef24bef\">\n<div class=\"gb-grid-wrapper gb-grid-wrapper-36b39746\">\n<div class=\"gb-grid-column gb-grid-column-a4422b17\"><div class=\"gb-container gb-container-a4422b17\">\n<div class=\"gb-container gb-container-b131015d\"><\/div>\n\n<div class=\"gb-container gb-container-6d3f1442\">\n\n<h4 class=\"gb-headline gb-headline-de8347d0 gb-headline-text\">Activities<\/h4>\n\n\n\n<p class=\"gb-headline gb-headline-574fcc95 gb-headline-text\">Actions for a better future<\/p>\n\n\n\n<a class=\"gb-button gb-button-60ef9b0d btn-icon-only\" href=\"https:\/\/www.fundacionrodriguezacosta.com\/blog\/category\/eventos-en-la-fundacion\/\"><span class=\"gb-button-text\"><\/span><span class=\"gb-icon\"><svg xmlns=\"http:\/\/www.w3.org\/2000\/svg\" fill=\"none\" viewbox=\"0 0 28 16\" height=\"16\" width=\"28\"> <path fill=\"#4E4137\" d=\"M19.5 0L18.085 1.415L23.67 7H0.5V9H23.67L18.085 14.585L19.5 16L27.5 8L19.5 0Z\"><\/path> <\/svg><\/span><\/a>\n\n<\/div>\n<\/div><\/div>\n\n<div class=\"gb-grid-column gb-grid-column-b32cf5ff\"><div class=\"gb-container gb-container-b32cf5ff\">\n<div class=\"gb-container gb-container-f61eabea\"><\/div>\n\n<div class=\"gb-container gb-container-4d853bea\">\n\n<h4 class=\"gb-headline gb-headline-8c04d49a gb-headline-text\">Research<\/h4>\n\n\n\n<p class=\"gb-headline gb-headline-b026738a gb-headline-text\">Boosting knowledge<\/p>\n\n\n\n<a class=\"gb-button gb-button-ab942cc0 btn-icon-only\" href=\"https:\/\/www.fundacionrodriguezacosta.com\/blog\/category\/programa-educativo-fra\/\"><span class=\"gb-button-text\"><\/span><span class=\"gb-icon\"><svg xmlns=\"http:\/\/www.w3.org\/2000\/svg\" fill=\"none\" viewbox=\"0 0 28 16\" height=\"16\" width=\"28\"> <path fill=\"#4E4137\" d=\"M19.5 0L18.085 1.415L23.67 7H0.5V9H23.67L18.085 14.585L19.5 16L27.5 8L19.5 0Z\"><\/path> <\/svg><\/span><\/a>\n\n<\/div>\n<\/div><\/div>\n\n<div class=\"gb-grid-column gb-grid-column-136827d8\"><div class=\"gb-container gb-container-136827d8\">\n<div class=\"gb-container gb-container-9f8f624a\"><\/div>\n\n<div class=\"gb-container gb-container-cc68199f\">\n\n<h4 class=\"gb-headline gb-headline-ab766bc9 gb-headline-text\">News<\/h4>\n\n\n\n<p class=\"gb-headline gb-headline-967435ee gb-headline-text\">Everything that happens in our foundation<\/p>\n\n\n\n<a class=\"gb-button gb-button-839a867e btn-icon-only\" href=\"https:\/\/www.fundacionrodriguezacosta.com\/blog\/category\/novedades\/\"><span class=\"gb-button-text\"><\/span><span class=\"gb-icon\"><svg xmlns=\"http:\/\/www.w3.org\/2000\/svg\" fill=\"none\" viewbox=\"0 0 28 16\" height=\"16\" width=\"28\"> <path fill=\"#4E4137\" d=\"M19.5 0L18.085 1.415L23.67 7H0.5V9H23.67L18.085 14.585L19.5 16L27.5 8L19.5 0Z\"><\/path> <\/svg><\/span><\/a>\n\n<\/div>\n<\/div><\/div>\n\n<div class=\"gb-grid-column gb-grid-column-ec7e6562\"><div class=\"gb-container gb-container-ec7e6562\">\n<div class=\"gb-container gb-container-6aca694c\"><\/div>\n\n<div class=\"gb-container gb-container-e0336bcb\">\n\n<h4 class=\"gb-headline gb-headline-54bb4b1f gb-headline-text\">Events<\/h4>\n\n\n\n<p class=\"gb-headline gb-headline-9a9b11e1 gb-headline-text\">Explore our cultural agenda and participate in our events.<\/p>\n\n\n\n<a class=\"gb-button gb-button-fdcbc9cb btn-icon-only\" href=\"https:\/\/www.fundacionrodriguezacosta.com\/blog\/tag\/eventos\/\"><span class=\"gb-button-text\"><\/span><span class=\"gb-icon\"><svg xmlns=\"http:\/\/www.w3.org\/2000\/svg\" fill=\"none\" viewbox=\"0 0 28 16\" height=\"16\" width=\"28\"> <path fill=\"#4E4137\" d=\"M19.5 0L18.085 1.415L23.67 7H0.5V9H23.67L18.085 14.585L19.5 16L27.5 8L19.5 0Z\"><\/path> <\/svg><\/span><\/a>\n\n<\/div>\n<\/div><\/div>\n<\/div>\n<\/div>\n<\/div>\n<\/div>\n<p><\/p>\n","protected":false},"excerpt":{"rendered":"<p>Guided tours Immerse yourself in personalized tours to get to know every corner of the foundation and its treasures. A World of Art and Culture &#8230; <\/p>\n<p class=\"read-more-container\"><a title=\"Rodriguez Acosta Foundation\" class=\"read-more button\" href=\"https:\/\/www.fundacionrodriguezacosta.com\/en\/#more-10543\" aria-label=\"Read more about Rodriguez Acosta Foundation\">READ MORE<\/a><\/p>\n","protected":false},"author":1,"featured_media":0,"parent":0,"menu_order":0,"comment_status":"closed","ping_status":"closed","template":"","meta":{"_acf_changed":false,"footnotes":""},"class_list":["post-10543","page","type-page","status-publish"],"acf":[],"_links":{"self":[{"href":"https:\/\/www.fundacionrodriguezacosta.com\/en\/wp-json\/wp\/v2\/pages\/10543","targetHints":{"allow":["GET"]}}],"collection":[{"href":"https:\/\/www.fundacionrodriguezacosta.com\/en\/wp-json\/wp\/v2\/pages"}],"about":[{"href":"https:\/\/www.fundacionrodriguezacosta.com\/en\/wp-json\/wp\/v2\/types\/page"}],"author":[{"embeddable":true,"href":"https:\/\/www.fundacionrodriguezacosta.com\/en\/wp-json\/wp\/v2\/users\/1"}],"replies":[{"embeddable":true,"href":"https:\/\/www.fundacionrodriguezacosta.com\/en\/wp-json\/wp\/v2\/comments?post=10543"}],"version-history":[{"count":22,"href":"https:\/\/www.fundacionrodriguezacosta.com\/en\/wp-json\/wp\/v2\/pages\/10543\/revisions"}],"predecessor-version":[{"id":11103,"href":"https:\/\/www.fundacionrodriguezacosta.com\/en\/wp-json\/wp\/v2\/pages\/10543\/revisions\/11103"}],"wp:attachment":[{"href":"https:\/\/www.fundacionrodriguezacosta.com\/en\/wp-json\/wp\/v2\/media?parent=10543"}],"curies":[{"name":"wp","href":"https:\/\/api.w.org\/{rel}","templated":true}]}}